{"id":23998,"date":"2023-02-13T18:29:35","date_gmt":"2023-02-13T23:29:35","guid":{"rendered":"https:\/\/pdv-a.com\/?page_id=23998"},"modified":"2023-03-24T13:35:09","modified_gmt":"2023-03-24T18:35:09","slug":"humanitas-fundacion-educativa","status":"publish","type":"page","link":"https:\/\/pdv-a.com\/en\/humanitas-fundacion-educativa\/","title":{"rendered":"HUMANITAS Fundaci\u00f3n Educativa"},"content":{"rendered":"<p><div class=\"fusion-fullwidth fullwidth-box fusion-builder-row-1 nonhundred-percent-fullwidth non-hundred-percent-height-scrolling\"  style='background-color: rgba(255,255,255,0);background-position: left top;background-repeat: no-repeat;padding-top:0px;padding-right:0px;padding-bottom:60px;padding-left:0px;border-top-width:0px;border-bottom-width:0px;border-color:#eae9e9;border-top-style:solid;border-bottom-style:solid;'><div class=\"fusion-builder-row fusion-row \"><div  class=\"fusion-layout-column fusion_builder_column fusion_builder_column_1_2 fusion-builder-column-0 fusion-one-half fusion-column-first 1_2\"  style='margin-top:0px;margin-bottom:20px;width:48%; margin-right: 4%;'><div class=\"fusion-column-wrapper\" style=\"padding: 0px 2% 2% 2%;background-position:left top;background-repeat:no-repeat;-webkit-background-size:cover;-moz-background-size:cover;-o-background-size:cover;background-size:cover;\"   data-bg-url=\"\"><div class=\"fusion-column-content-centered\"><div class=\"fusion-column-content\"><span class=\"fusion-imageframe imageframe-none imageframe-1 hover-type-none\"><img loading=\"lazy\" decoding=\"async\" src=\"https:\/\/pdv-a.com\/wp-content\/uploads\/2023\/02\/fundacion-logo.png\" width=\"682\" height=\"349\" alt=\"Humanitas fundaci\u00f3n educativa\" title=\"Humanitas fundaci\u00f3n educativa\" class=\"img-responsive wp-image-24008\" srcset=\"https:\/\/pdv-a.com\/wp-content\/uploads\/2023\/02\/fundacion-logo-200x102.png 200w, https:\/\/pdv-a.com\/wp-content\/uploads\/2023\/02\/fundacion-logo-400x205.png 400w, https:\/\/pdv-a.com\/wp-content\/uploads\/2023\/02\/fundacion-logo-600x307.png 600w, https:\/\/pdv-a.com\/wp-content\/uploads\/2023\/02\/fundacion-logo.png 682w\" sizes=\"auto, (max-width: 800px) 100vw, 682px\" \/><\/span><div class=\"fusion-text\"><h3 style=\"text-align: center;\" data-css=\"tve-u-16a27103629\">Humanitas Fundaci\u00f3n Educativa<\/h3>\n<h3 style=\"text-align: center;\" data-css=\"tve-u-16a27103629\">A trav\u00e9s de un mundo mejor<\/h3>\n<\/div><div class=\"fusion-text\"><h4 style=\"text-align: center;\"><b><i>Por una educaci\u00f3n basada en el desarrollo de la persona, el saber y el pensar <\/i><\/b><\/h4>\n<\/div><\/div><\/div><div class=\"fusion-clearfix\"><\/div><\/div><\/div><div  class=\"fusion-layout-column fusion_builder_column fusion_builder_column_1_2 fusion-builder-column-1 fusion-one-half fusion-column-last 1_2\"  style='margin-top:0px;margin-bottom:20px;width:48%'><div class=\"fusion-column-wrapper\" style=\"padding: 5% 5% 5% 5%;background-position:left top;background-repeat:no-repeat;-webkit-background-size:cover;-moz-background-size:cover;-o-background-size:cover;background-size:cover;\"   data-bg-url=\"\"><div class=\"fusion-column-content-centered\"><div class=\"fusion-column-content\"><span class=\"fusion-imageframe imageframe-none imageframe-2 hover-type-none\"><img loading=\"lazy\" decoding=\"async\" src=\"https:\/\/pdv-a.com\/wp-content\/uploads\/2023\/02\/Captura.jpg\" width=\"698\" height=\"368\" alt=\"Humanitas Fundaci\u00f3n educativa\" title=\"Humanitas fundaci\u00f3n educativa\" class=\"img-responsive wp-image-24000\" srcset=\"https:\/\/pdv-a.com\/wp-content\/uploads\/2023\/02\/Captura-200x105.jpg 200w, https:\/\/pdv-a.com\/wp-content\/uploads\/2023\/02\/Captura-400x211.jpg 400w, https:\/\/pdv-a.com\/wp-content\/uploads\/2023\/02\/Captura-600x316.jpg 600w, https:\/\/pdv-a.com\/wp-content\/uploads\/2023\/02\/Captura.jpg 698w\" sizes=\"auto, (max-width: 800px) 100vw, 698px\" \/><\/span><\/div><\/div><div class=\"fusion-clearfix\"><\/div><\/div><\/div><\/div><\/div><style type=\"text\/css\">.fusion-fullwidth.fusion-builder-row-1 a:not(.fusion-button):not(.fusion-builder-module-control):not(.fusion-social-network-icon):not(.fb-icon-element):not(.fusion-countdown-link):not(.fusion-rollover-link):not(.fusion-rollover-gallery):not(.fusion-button-bar):not(.add_to_cart_button):not(.show_details_button):not(.product_type_external):not(.fusion-quick-view):not(.fusion-rollover-title-link):not(.fusion-breadcrumb-link) , .fusion-fullwidth.fusion-builder-row-1 a:not(.fusion-button):not(.fusion-builder-module-control):not(.fusion-social-network-icon):not(.fb-icon-element):not(.fusion-countdown-link):not(.fusion-rollover-link):not(.fusion-rollover-gallery):not(.fusion-button-bar):not(.add_to_cart_button):not(.show_details_button):not(.product_type_external):not(.fusion-quick-view):not(.fusion-rollover-title-link):not(.fusion-breadcrumb-link):before, .fusion-fullwidth.fusion-builder-row-1 a:not(.fusion-button):not(.fusion-builder-module-control):not(.fusion-social-network-icon):not(.fb-icon-element):not(.fusion-countdown-link):not(.fusion-rollover-link):not(.fusion-rollover-gallery):not(.fusion-button-bar):not(.add_to_cart_button):not(.show_details_button):not(.product_type_external):not(.fusion-quick-view):not(.fusion-rollover-title-link):not(.fusion-breadcrumb-link):after {color: #212934;}.fusion-fullwidth.fusion-builder-row-1 a:not(.fusion-button):not(.fusion-builder-module-control):not(.fusion-social-network-icon):not(.fb-icon-element):not(.fusion-countdown-link):not(.fusion-rollover-link):not(.fusion-rollover-gallery):not(.fusion-button-bar):not(.add_to_cart_button):not(.show_details_button):not(.product_type_external):not(.fusion-quick-view):not(.fusion-rollover-title-link):not(.fusion-breadcrumb-link):hover, .fusion-fullwidth.fusion-builder-row-1 a:not(.fusion-button):not(.fusion-builder-module-control):not(.fusion-social-network-icon):not(.fb-icon-element):not(.fusion-countdown-link):not(.fusion-rollover-link):not(.fusion-rollover-gallery):not(.fusion-button-bar):not(.add_to_cart_button):not(.show_details_button):not(.product_type_external):not(.fusion-quick-view):not(.fusion-rollover-title-link):not(.fusion-breadcrumb-link):hover:before, .fusion-fullwidth.fusion-builder-row-1 a:not(.fusion-button):not(.fusion-builder-module-control):not(.fusion-social-network-icon):not(.fb-icon-element):not(.fusion-countdown-link):not(.fusion-rollover-link):not(.fusion-rollover-gallery):not(.fusion-button-bar):not(.add_to_cart_button):not(.show_details_button):not(.product_type_external):not(.fusion-quick-view):not(.fusion-rollover-title-link):not(.fusion-breadcrumb-link):hover:after {color: #ff7700;}.fusion-fullwidth.fusion-builder-row-1 .pagination a.inactive:hover, .fusion-fullwidth.fusion-builder-row-1 .fusion-filters .fusion-filter.fusion-active a {border-color: #ff7700;}.fusion-fullwidth.fusion-builder-row-1 .pagination .current {border-color: #ff7700; background-color: #ff7700;}.fusion-fullwidth.fusion-builder-row-1 .fusion-filters .fusion-filter.fusion-active a, .fusion-fullwidth.fusion-builder-row-1 .fusion-date-and-formats .fusion-format-box, .fusion-fullwidth.fusion-builder-row-1 .fusion-popover, .fusion-fullwidth.fusion-builder-row-1 .tooltip-shortcode {color: #ff7700;}#main .fusion-fullwidth.fusion-builder-row-1 .post .blog-shortcode-post-title a:hover {color: #ff7700;}<\/style><div class=\"fusion-fullwidth fullwidth-box fusion-builder-row-2 nonhundred-percent-fullwidth non-hundred-percent-height-scrolling\"  style='background-color: rgba(255,255,255,0);background-position: center center;background-repeat: no-repeat;padding-top:0px;padding-right:0px;padding-bottom:0px;padding-left:0px;'><div class=\"fusion-builder-row fusion-row \"><div  class=\"fusion-layout-column fusion_builder_column fusion_builder_column_1_2 fusion-builder-column-2 fusion-one-half fusion-column-first 1_2\"  style='margin-top:0px;margin-bottom:20px;width:50%;width:calc(50% - ( ( 4% ) * 0.5 ) );margin-right: 4%;'><div class=\"fusion-column-wrapper\" style=\"padding: 0px 0px 0px 0px;background-position:left top;background-repeat:no-repeat;-webkit-background-size:cover;-moz-background-size:cover;-o-background-size:cover;background-size:cover;\"   data-bg-url=\"\"><div class=\"fusion-text\"><h5><strong>Humanitas Fundaci\u00f3n Educativa<\/strong>, tiene como objetivo promover el desarrollo social en M\u00e9xico a trav\u00e9s de proyectos educativos en diferentes \u00e1reas. Estas incluyen el arte, la cultura, la educaci\u00f3n, el fortalecimiento institucional, la ciencia y el desarrollo rural.<\/h5>\n<\/div><div class=\"fusion-text\"><p>El enfoque de <strong>Humanitas Fundaci\u00f3n Educativa<\/strong> se centra en una educaci\u00f3n que fomente el crecimiento saludable de las personas, alentando su talento y creatividad para ayudarles a ser competentes, solidarios y felices. En resumen, una educaci\u00f3n que contribuya al desarrollo y progreso de la sociedad.<\/p>\n<p>Para llevar a cabo su misi\u00f3n, <strong>Humanitas Fundaci\u00f3n Educativa<\/strong>, ha desarrollado un programa llamado Educaci\u00f3n Responsable. Este programa est\u00e1 dise\u00f1ado para promover el crecimiento f\u00edsico, emocional, intelectual y social de las personas, mejorar la comunicaci\u00f3n y fomentar una convivencia positiva en los centros escolares. Trabajando en conjunto con docentes, estudiantes y familias, Humanitas busca fomentar un ambiente educativo m\u00e1s saludable y efectivo.<\/p>\n<\/div><div class=\"fusion-clearfix\"><\/div><\/div><\/div><div  class=\"fusion-layout-column fusion_builder_column fusion_builder_column_1_2 fusion-builder-column-3 fusion-one-half fusion-column-last 1_2\"  style='margin-top:3%;margin-bottom:3%;width:50%;width:calc(50% - ( ( 4% ) * 0.5 ) );'><div class=\"fusion-column-wrapper\" style=\"background-color:#f2f2f2;padding: 5% 5% 5% 5%;background-position:left top;background-repeat:no-repeat;-webkit-background-size:cover;-moz-background-size:cover;-o-background-size:cover;background-size:cover;\"   data-bg-url=\"\"><div class=\"fusion-text\"><h2 style=\"color: #ffffff;\"><span style=\"color: #333333;\"><strong>Ponte en contacto<\/strong><\/span><\/h2>\n<p>Queremos que nos ayudes a desarrollar las ideas en proyectos que tenemos.<\/p>\n<p>Colabora por un mundo mejor a trav\u00e9s de la educaci\u00f3n-<\/p>\n<\/div><div class=\"fusion-sep-clear\"><\/div><div class=\"fusion-separator sep-single sep-solid\" style=\"border-color:#0202ff;border-top-width:2px;margin-left: auto;margin-right: auto;margin-top:0px;margin-bottom:60px;width:100%;max-width:100px;\"><\/div>[contact-form-7 id=\u00bb14&#8243; \/]<div class=\"fusion-clearfix\"><\/div><\/div><\/div><\/div><\/div><style type=\"text\/css\">.fusion-fullwidth.fusion-builder-row-2 a:not(.fusion-button):not(.fusion-builder-module-control):not(.fusion-social-network-icon):not(.fb-icon-element):not(.fusion-countdown-link):not(.fusion-rollover-link):not(.fusion-rollover-gallery):not(.fusion-button-bar):not(.add_to_cart_button):not(.show_details_button):not(.product_type_external):not(.fusion-quick-view):not(.fusion-rollover-title-link):not(.fusion-breadcrumb-link) , .fusion-fullwidth.fusion-builder-row-2 a:not(.fusion-button):not(.fusion-builder-module-control):not(.fusion-social-network-icon):not(.fb-icon-element):not(.fusion-countdown-link):not(.fusion-rollover-link):not(.fusion-rollover-gallery):not(.fusion-button-bar):not(.add_to_cart_button):not(.show_details_button):not(.product_type_external):not(.fusion-quick-view):not(.fusion-rollover-title-link):not(.fusion-breadcrumb-link):before, .fusion-fullwidth.fusion-builder-row-2 a:not(.fusion-button):not(.fusion-builder-module-control):not(.fusion-social-network-icon):not(.fb-icon-element):not(.fusion-countdown-link):not(.fusion-rollover-link):not(.fusion-rollover-gallery):not(.fusion-button-bar):not(.add_to_cart_button):not(.show_details_button):not(.product_type_external):not(.fusion-quick-view):not(.fusion-rollover-title-link):not(.fusion-breadcrumb-link):after {color: #212934;}.fusion-fullwidth.fusion-builder-row-2 a:not(.fusion-button):not(.fusion-builder-module-control):not(.fusion-social-network-icon):not(.fb-icon-element):not(.fusion-countdown-link):not(.fusion-rollover-link):not(.fusion-rollover-gallery):not(.fusion-button-bar):not(.add_to_cart_button):not(.show_details_button):not(.product_type_external):not(.fusion-quick-view):not(.fusion-rollover-title-link):not(.fusion-breadcrumb-link):hover, .fusion-fullwidth.fusion-builder-row-2 a:not(.fusion-button):not(.fusion-builder-module-control):not(.fusion-social-network-icon):not(.fb-icon-element):not(.fusion-countdown-link):not(.fusion-rollover-link):not(.fusion-rollover-gallery):not(.fusion-button-bar):not(.add_to_cart_button):not(.show_details_button):not(.product_type_external):not(.fusion-quick-view):not(.fusion-rollover-title-link):not(.fusion-breadcrumb-link):hover:before, .fusion-fullwidth.fusion-builder-row-2 a:not(.fusion-button):not(.fusion-builder-module-control):not(.fusion-social-network-icon):not(.fb-icon-element):not(.fusion-countdown-link):not(.fusion-rollover-link):not(.fusion-rollover-gallery):not(.fusion-button-bar):not(.add_to_cart_button):not(.show_details_button):not(.product_type_external):not(.fusion-quick-view):not(.fusion-rollover-title-link):not(.fusion-breadcrumb-link):hover:after {color: #ff7700;}.fusion-fullwidth.fusion-builder-row-2 .pagination a.inactive:hover, .fusion-fullwidth.fusion-builder-row-2 .fusion-filters .fusion-filter.fusion-active a {border-color: #ff7700;}.fusion-fullwidth.fusion-builder-row-2 .pagination .current {border-color: #ff7700; background-color: #ff7700;}.fusion-fullwidth.fusion-builder-row-2 .fusion-filters .fusion-filter.fusion-active a, .fusion-fullwidth.fusion-builder-row-2 .fusion-date-and-formats .fusion-format-box, .fusion-fullwidth.fusion-builder-row-2 .fusion-popover, .fusion-fullwidth.fusion-builder-row-2 .tooltip-shortcode {color: #ff7700;}#main .fusion-fullwidth.fusion-builder-row-2 .post .blog-shortcode-post-title a:hover {color: #ff7700;}<\/style><div class=\"fusion-fullwidth fullwidth-box fusion-builder-row-3 nonhundred-percent-fullwidth non-hundred-percent-height-scrolling\"  style='background-color: rgba(255,255,255,0);background-position: center center;background-repeat: no-repeat;padding-top:0px;padding-right:0px;padding-bottom:0px;padding-left:0px;'><div class=\"fusion-builder-row fusion-row \"><div  class=\"fusion-layout-column fusion_builder_column fusion_builder_column_1_2 fusion-builder-column-4 fusion-one-half fusion-column-first 1_2\"  style='margin-top:0px;margin-bottom:20px;width:50%;width:calc(50% - ( ( 4% ) * 0.5 ) );margin-right: 4%;'><div class=\"fusion-column-wrapper\" style=\"padding: 0px 0px 0px 0px;background-position:left top;background-repeat:no-repeat;-webkit-background-size:cover;-moz-background-size:cover;-o-background-size:cover;background-size:cover;\"   data-bg-url=\"\"><div class=\"fusion-text\"><h5><strong>P\u00e1ginas web espec\u00edficas de voluntariado<\/strong><\/h5>\n<ul>\n<li>Universidad Complutense de Voluntariado, Voluntariado I+G Equipo de investigaci\u00f3n de gesti\u00f3n del voluntariado de la Facultadde Psicolog\u00eda de la Universidad Complutense de Madrid.<\/li>\n<\/ul>\n<p><strong><a href=\"http:\/\/www.ucm.es\/info\/voluntariado_I+G\/\" target=\"_blank\" rel=\"noopener\">www.ucm.es\/info\/voluntariado_I+G\/<\/a><\/strong><\/p>\n<ul>\n<li>Biblioteca Digital del Voluntariado y las Asociaciones (BIV@)<\/li>\n<\/ul>\n<p>Web dise\u00f1ada y desarrollada por La Liga Giennense de la Educaci\u00f3n y la Cultura Popular y patrocinada por la Agencia Andaluza del Voluntariado de la Consejer\u00eda de Gobernaci\u00f3n de la Junta de Andaluc\u00eda.<\/p>\n<p><strong><a href=\"http:\/\/www.biva.es\/\" target=\"_blank\" rel=\"noopener\">www.biva.es<\/a><\/strong><\/p>\n<ul>\n<li>NET es una iniciativa originada desde el sector asociativo (Plataforma de ONG de Acci\u00f3n Social), con el objetivo de orientar a personas de cualquier edad interesadas en el mundo del voluntariado.<\/li>\n<\/ul>\n<p><strong><a href=\"https:\/\/akademiun.com\/contenidos\/\" target=\"_blank\" rel=\"noopener\">Contenidos e informaci\u00f3n financiera:\u00a0<\/a><\/strong><strong><a href=\"https:\/\/www.pdv-a.com\/\" target=\"_blank\" rel=\"noopener\">PDVa |\u00a0<\/a><\/strong><strong><a href=\"http:\/\/www.avacum.com\/\" target=\"_blank\" rel=\"noopener\">Avacum<\/a><\/strong><\/p>\n<p><strong><a href=\"http:\/\/www.vosverum.com\/\" target=\"_blank\" rel=\"noopener\">Cursos online:\u00a0www.vosverum.com<\/a><\/strong><\/p>\n<\/div><div class=\"fusion-clearfix\"><\/div><\/div><\/div><div  class=\"fusion-layout-column fusion_builder_column fusion_builder_column_1_2 fusion-builder-column-5 fusion-one-half fusion-column-last 1_2\"  style='margin-top:0px;margin-bottom:20px;width:50%;width:calc(50% - ( ( 4% ) * 0.5 ) );'><div class=\"fusion-column-wrapper\" style=\"padding: 0px 0px 0px 0px;background-position:left top;background-repeat:no-repeat;-webkit-background-size:cover;-moz-background-size:cover;-o-background-size:cover;background-size:cover;\"   data-bg-url=\"\"><div class=\"fusion-text\"><h5><strong>Fundaci\u00f3n Educativa<\/strong><\/h5>\n<p>La educaci\u00f3n es un derecho humano b\u00e1sico que facilita el aprendizaje y el desarrollo de las personas.<\/p>\n<p>La educaci\u00f3n contribuye a mejorar el bienestar social y el crecimiento econ\u00f3mico, a reducir la desigualdad y la pobreza, a fomentar la paz y la democracia, y a proteger el medio ambiente.<\/p>\n<p>Sin embargo, la educaci\u00f3n se enfrenta a muchos desaf\u00edos, como la falta de acceso, la baja calidad, la escasez de recursos, la exclusi\u00f3n o la discriminaci\u00f3n. Por eso, el apoyo de las fundaciones es clave para el desarrollo de la educaci\u00f3n. Las fundaciones pueden impulsar proyectos educativos innovadores y de calidad, que respondan a las necesidades y desaf\u00edos de cada contexto.\u00a0<a class=\"tooltip-target\" data-citationid=\"4b054dd4-11bc-997e-767b-df60e11ff8d2-10-group\">Las fundaciones tambi\u00e9n pueden apoyar a las instituciones educativas, al profesorado, al alumnado y a las familias, mediante la financiaci\u00f3n, la capacitaci\u00f3n, el asesoramiento o el acompa\u00f1amiento<\/a><a class=\"ac-anchor sup-target\" href=\"https:\/\/www.unesco.org\/es\/education\" target=\"_blank\" rel=\"noopener\" data-citationid=\"4b054dd4-11bc-997e-767b-df60e11ff8d2-8\" aria-label=\"La educaci\u00f3n transforma vidas | UNESCO\"><sup>3<\/sup><\/a><a class=\"ac-anchor sup-target\" href=\"https:\/\/learningportal.iiep.unesco.org\/es\/fichas-praticas\/mejorar-el-aprendizaje\/el-apoyo-parental-al-aprendizaje\" target=\"_blank\" rel=\"noopener\" data-citationid=\"4b054dd4-11bc-997e-767b-df60e11ff8d2-10\" aria-label=\"El apoyo parental al aprendizaje | Unesco IIEP Learning Portal\"><sup>4<\/sup><\/a>.<\/p>\n<p>El apoyo de las fundaciones para el desarrollo de la educaci\u00f3n es una inversi\u00f3n social que beneficia a toda la sociedad. Las fundaciones pueden ser agentes de cambio que promuevan una educaci\u00f3n inclusiva y de calidad para todos los ni\u00f1os, ni\u00f1as y adolescentes del pa\u00eds.<\/p>\n<\/div><div class=\"fusion-clearfix\"><\/div><\/div><\/div><\/div><\/div><style type=\"text\/css\">.fusion-fullwidth.fusion-builder-row-3 a:not(.fusion-button):not(.fusion-builder-module-control):not(.fusion-social-network-icon):not(.fb-icon-element):not(.fusion-countdown-link):not(.fusion-rollover-link):not(.fusion-rollover-gallery):not(.fusion-button-bar):not(.add_to_cart_button):not(.show_details_button):not(.product_type_external):not(.fusion-quick-view):not(.fusion-rollover-title-link):not(.fusion-breadcrumb-link) , .fusion-fullwidth.fusion-builder-row-3 a:not(.fusion-button):not(.fusion-builder-module-control):not(.fusion-social-network-icon):not(.fb-icon-element):not(.fusion-countdown-link):not(.fusion-rollover-link):not(.fusion-rollover-gallery):not(.fusion-button-bar):not(.add_to_cart_button):not(.show_details_button):not(.product_type_external):not(.fusion-quick-view):not(.fusion-rollover-title-link):not(.fusion-breadcrumb-link):before, .fusion-fullwidth.fusion-builder-row-3 a:not(.fusion-button):not(.fusion-builder-module-control):not(.fusion-social-network-icon):not(.fb-icon-element):not(.fusion-countdown-link):not(.fusion-rollover-link):not(.fusion-rollover-gallery):not(.fusion-button-bar):not(.add_to_cart_button):not(.show_details_button):not(.product_type_external):not(.fusion-quick-view):not(.fusion-rollover-title-link):not(.fusion-breadcrumb-link):after {color: #212934;}.fusion-fullwidth.fusion-builder-row-3 a:not(.fusion-button):not(.fusion-builder-module-control):not(.fusion-social-network-icon):not(.fb-icon-element):not(.fusion-countdown-link):not(.fusion-rollover-link):not(.fusion-rollover-gallery):not(.fusion-button-bar):not(.add_to_cart_button):not(.show_details_button):not(.product_type_external):not(.fusion-quick-view):not(.fusion-rollover-title-link):not(.fusion-breadcrumb-link):hover, .fusion-fullwidth.fusion-builder-row-3 a:not(.fusion-button):not(.fusion-builder-module-control):not(.fusion-social-network-icon):not(.fb-icon-element):not(.fusion-countdown-link):not(.fusion-rollover-link):not(.fusion-rollover-gallery):not(.fusion-button-bar):not(.add_to_cart_button):not(.show_details_button):not(.product_type_external):not(.fusion-quick-view):not(.fusion-rollover-title-link):not(.fusion-breadcrumb-link):hover:before, .fusion-fullwidth.fusion-builder-row-3 a:not(.fusion-button):not(.fusion-builder-module-control):not(.fusion-social-network-icon):not(.fb-icon-element):not(.fusion-countdown-link):not(.fusion-rollover-link):not(.fusion-rollover-gallery):not(.fusion-button-bar):not(.add_to_cart_button):not(.show_details_button):not(.product_type_external):not(.fusion-quick-view):not(.fusion-rollover-title-link):not(.fusion-breadcrumb-link):hover:after {color: #ff7700;}.fusion-fullwidth.fusion-builder-row-3 .pagination a.inactive:hover, .fusion-fullwidth.fusion-builder-row-3 .fusion-filters .fusion-filter.fusion-active a {border-color: #ff7700;}.fusion-fullwidth.fusion-builder-row-3 .pagination .current {border-color: #ff7700; background-color: #ff7700;}.fusion-fullwidth.fusion-builder-row-3 .fusion-filters .fusion-filter.fusion-active a, .fusion-fullwidth.fusion-builder-row-3 .fusion-date-and-formats .fusion-format-box, .fusion-fullwidth.fusion-builder-row-3 .fusion-popover, .fusion-fullwidth.fusion-builder-row-3 .tooltip-shortcode {color: #ff7700;}#main .fusion-fullwidth.fusion-builder-row-3 .post .blog-shortcode-post-title a:hover {color: #ff7700;}<\/style><\/p>\n","protected":false},"excerpt":{"rendered":"","protected":false},"author":1,"featured_media":24008,"parent":0,"menu_order":0,"comment_status":"closed","ping_status":"closed","template":"","meta":{"_joinchat":{"telephone":"+525525338703","message_text":"\u00bfEn que te podemos ayudar?"},"footnotes":""},"class_list":["post-23998","page","type-page","status-publish","has-post-thumbnail","hentry"],"_links":{"self":[{"href":"https:\/\/pdv-a.com\/en\/wp-json\/wp\/v2\/pages\/23998","targetHints":{"allow":["GET"]}}],"collection":[{"href":"https:\/\/pdv-a.com\/en\/wp-json\/wp\/v2\/pages"}],"about":[{"href":"https:\/\/pdv-a.com\/en\/wp-json\/wp\/v2\/types\/page"}],"author":[{"embeddable":true,"href":"https:\/\/pdv-a.com\/en\/wp-json\/wp\/v2\/users\/1"}],"replies":[{"embeddable":true,"href":"https:\/\/pdv-a.com\/en\/wp-json\/wp\/v2\/comments?post=23998"}],"version-history":[{"count":12,"href":"https:\/\/pdv-a.com\/en\/wp-json\/wp\/v2\/pages\/23998\/revisions"}],"predecessor-version":[{"id":24895,"href":"https:\/\/pdv-a.com\/en\/wp-json\/wp\/v2\/pages\/23998\/revisions\/24895"}],"wp:featuredmedia":[{"embeddable":true,"href":"https:\/\/pdv-a.com\/en\/wp-json\/wp\/v2\/media\/24008"}],"wp:attachment":[{"href":"https:\/\/pdv-a.com\/en\/wp-json\/wp\/v2\/media?parent=23998"}],"curies":[{"name":"wp","href":"https:\/\/api.w.org\/{rel}","templated":true}]}}